{"id":5,"date":"2017-11-21T15:31:19","date_gmt":"2017-11-21T14:31:19","guid":{"rendered":"http:\/\/www.amse-conference.eu\/wordpress\/?page_id=5"},"modified":"2024-03-19T20:27:59","modified_gmt":"2024-03-19T19:27:59","slug":"homeold","status":"publish","type":"page","link":"https:\/\/www.amse-conference.eu\/old\/2025\/homeold\/","title":{"rendered":"Home-old"},"content":{"rendered":"\n<figure class=\"wp-block-image size-large\"><img fetchpriority=\"high\" decoding=\"async\" width=\"1024\" height=\"239\" src=\"https:\/\/www.amse-conference.eu\/wp-content\/uploads\/2024\/03\/amsa-logo-1024x239.png\" alt=\"\" class=\"wp-image-2160\" srcset=\"https:\/\/www.amse-conference.eu\/old\/2025\/wp-content\/uploads\/2024\/03\/amsa-logo-1024x239.png 1024w, https:\/\/www.amse-conference.eu\/old\/2025\/wp-content\/uploads\/2024\/03\/amsa-logo-300x70.png 300w, https:\/\/www.amse-conference.eu\/old\/2025\/wp-content\/uploads\/2024\/03\/amsa-logo-768x179.png 768w, https:\/\/www.amse-conference.eu\/old\/2025\/wp-content\/uploads\/2024\/03\/amsa-logo.png 1315w\" sizes=\"(max-width: 1024px) 100vw, 1024px\" \/><\/figure>\n\n\n\n<h1 class=\"wp-block-heading\"><b>International Scientific Conference<\/b><\/h1>\n\n\n\n<h3 class=\"wp-block-heading\">Wroc\u0142aw<\/h3>\n\n\n\n<h2 class=\"wp-block-heading\">28th August &#8211; 1st September 2024, Wroc\u0142aw, Poland<\/h2>\n\n\n\n<h2 class=\"wp-block-heading\">PURPOSE OF THE CONFERENCE<\/h2>\n\n\n\n<h2 class=\"wp-block-heading\">The conference aims to acquaint its participants with the latest mathematical and statistical methods that can be used in solving theoretical and practical problems and challenges of economics. The conference gives a unique chance to present research results achieved in the area where mathematics and statistics border with economics.<\/h2>\n\n\n\n<p><a role=\"button\" href=\"\/?page_id=7\"><br>About Conference<br><\/a><\/p>\n\n\n\n<h2 class=\"wp-block-heading\">SCIENTIFIC SECTIONS<\/h2>\n\n\n\n<ul class=\"wp-block-list\">\n<li>Macroeconomics, Public Economics and Methodological Issues of Economics<\/li>\n\n\n\n<li>Financial Markets, Risk Measurement and Insurance<\/li>\n\n\n\n<li>Microeconomic Issues<\/li>\n\n\n\n<li>Social Economics, Economic Sustainability and Demographic Economics\u200b<\/li>\n\n\n\n<li>Multidimensional Statistics in Economics<\/li>\n<\/ul>\n\n\n\n<h2 class=\"wp-block-heading\">ORGANIZING UNIVERSITIES<\/h2>\n\n\n\n<figure class=\"wp-block-image\"><img decoding=\"async\" src=\"http:\/\/www.amse-conference.eu\/wp-content\/uploads\/2021\/04\/VSE_logo_EN_horizontal_black-300x73.png\" alt=\"\"\/><\/figure>\n\n\n\n<h3 class=\"wp-block-heading\"><a href=\"https:\/\/www.vse.cz\/english\/\" target=\"_blank\" rel=\"noopener\"><br>Prague University of Economics and Business<\/a><\/h3>\n\n\n\n<h4 class=\"wp-block-heading\">Czechia<\/h4>\n\n\n\n<figure class=\"wp-block-image\"><img decoding=\"async\" src=\"http:\/\/www.amse-conference.eu\/wp-content\/uploads\/2020\/02\/logo-16-300x268.png\" alt=\"\"\/><\/figure>\n\n\n\n<h3 class=\"wp-block-heading\"><a href=\"http:\/\/www.ue.wroc.pl\/en\/\" target=\"_blank\" rel=\"noopener\">Wroclaw University of Economics and Business<\/a><\/h3>\n\n\n\n<h4 class=\"wp-block-heading\">Poland<\/h4>\n\n\n\n<figure class=\"wp-block-image\"><img decoding=\"async\" src=\"http:\/\/www.amse-conference.eu\/wp-content\/uploads\/2017\/11\/logo-banska-bystrica.png\" alt=\"\"\/><\/figure>\n\n\n\n<h3 class=\"wp-block-heading\"><a href=\"http:\/\/www.ef.umb.sk\/index_e.asp\" target=\"_blank\" rel=\"noopener\">Matej Bel University in Bansk\u00e1 Bystrica<\/a><\/h3>\n\n\n\n<h4 class=\"wp-block-heading\">Slovakia<\/h4>\n\n\n\n<h2 class=\"wp-block-heading\">PUBLICATIONS<\/h2>\n\n\n\n<p>There is a possibility to publish a paper in one of following journals:<\/p>\n\n\n\n<ul class=\"wp-block-list\">\n<li>Statistika: Statistics and Economy Journal<\/li>\n\n\n\n<li>Silesian Statistical Review<\/li>\n\n\n\n<li>Forum Statisticum Slovacum<\/li>\n<\/ul>\n\n\n\n<p><a role=\"button\" href=\"\/?page_id=256?#call_of_paper\"><br>READ MORE<br><\/a><\/p>\n\n\n\n<p>Past five AMSE conferences (AMSE 2014, AMSE 2015, AMSE 2016, AMSE 2017 and AMSE 2018) have already been successfully included into the CPCI.<\/p>\n\n\n\n<h2 class=\"wp-block-heading\">IMPORTANT DATES\u200b<\/h2>\n\n\n\n<ul class=\"wp-block-list\">\n<li>31st May 2024 &#8211; Abstract submission and registration of participants (including co-authors)<\/li>\n\n\n\n<li>10th June 2024 &#8211; Notification of abstract acceptation\/rejection<\/li>\n\n\n\n<li>24th June 2024 &#8211; Conference fee payment<\/li>\n\n\n\n<li>28th August to 1st September 2024 &#8211; Conference<\/li>\n<\/ul>\n\n\n\n<p><a role=\"button\" href=\"\/?page_id=7#important_dates\"><br>READ MORE<br><\/a><\/p>\n\n\n\n<h2 class=\"wp-block-heading\">Partnership<\/h2>\n\n\n\n<figure class=\"wp-block-image\"><img decoding=\"async\" src=\"http:\/\/www.amse-conference.eu\/wp-content\/uploads\/elementor\/thumbs\/ssds-ol2h57vypr77090psvgtdp2wjboctzl56yznpcgzfg.png\" alt=\"ssds\" title=\"ssds\"\/><\/figure>\n\n\n\n<p>Slovak Statistical and Demographic Society<\/p>\n\n\n\n<figure class=\"wp-block-image\"><img decoding=\"async\" src=\"http:\/\/www.amse-conference.eu\/wp-content\/uploads\/elementor\/thumbs\/Logo_PTS1-omt7g70tc25fjz7k4ogjxpiweicxhy41cld8i6vuj4.png\" alt=\"Logo_PTS1\" title=\"Logo_PTS1\"\/><\/figure>\n\n\n\n<p><br>Polish Statistical Association &#8211; Branch in Wroc\u0142aw<\/p>\n\n\n\n<p><iframe title=\"Hotel Diplomat Rajeck\u00e9 Teplice, 1. m\u00e1ja, Rajeck\u00e9 Teplice\" src=\"https:\/\/maps.google.com\/maps?q=Hotel%20Diplomat%20Rajeck%C3%A9%20Teplice%2C%201.%20m%C3%A1ja%2C%20Rajeck%C3%A9%20Teplice&amp;t=m&amp;z=10&amp;output=embed&amp;iwloc=near\" aria-label=\"Hotel Diplomat Rajeck\u00e9 Teplice, 1. m\u00e1ja, Rajeck\u00e9 Teplice\"><\/iframe><\/p>\n","protected":false},"excerpt":{"rendered":"<p>International Scientific Conference Wroc\u0142aw 28th August &#8211; 1st September 2024, Wroc\u0142aw, Poland PURPOSE OF THE CONFERENCE The conference aims to acquaint its participants with the latest mathematical and statistical methods that can be used in solving theoretical and practical problems and challenges of economics. The conference gives a unique chance to present research results achieved [&hellip;]<\/p>\n","protected":false},"author":10,"featured_media":0,"parent":0,"menu_order":0,"comment_status":"closed","ping_status":"closed","template":"","meta":{"ocean_post_layout":"full-screen","ocean_both_sidebars_style":"","ocean_both_sidebars_content_width":0,"ocean_both_sidebars_sidebars_width":0,"ocean_sidebar":"0","ocean_second_sidebar":"0","ocean_disable_margins":"enable","ocean_add_body_class":"","ocean_shortcode_before_top_bar":"","ocean_shortcode_after_top_bar":"","ocean_shortcode_before_header":"","ocean_shortcode_after_header":"","ocean_has_shortcode":"","ocean_shortcode_after_title":"","ocean_shortcode_before_footer_widgets":"","ocean_shortcode_after_footer_widgets":"","ocean_shortcode_before_footer_bottom":"","ocean_shortcode_after_footer_bottom":"","ocean_display_top_bar":"default","ocean_display_header":"default","ocean_header_style":"custom","ocean_center_header_left_menu":"0","ocean_custom_header_template":"221","ocean_custom_logo":0,"ocean_custom_retina_logo":0,"ocean_custom_logo_max_width":0,"ocean_custom_logo_tablet_max_width":0,"ocean_custom_logo_mobile_max_width":0,"ocean_custom_logo_max_height":0,"ocean_custom_logo_tablet_max_height":0,"ocean_custom_logo_mobile_max_height":0,"ocean_header_custom_menu":"0","ocean_menu_typo_font_family":"0","ocean_menu_typo_font_subset":"","ocean_menu_typo_font_size":0,"ocean_menu_typo_font_size_tablet":0,"ocean_menu_typo_font_size_mobile":0,"ocean_menu_typo_font_size_unit":"px","ocean_menu_typo_font_weight":"","ocean_menu_typo_font_weight_tablet":"","ocean_menu_typo_font_weight_mobile":"","ocean_menu_typo_transform":"","ocean_menu_typo_transform_tablet":"","ocean_menu_typo_transform_mobile":"","ocean_menu_typo_line_height":0,"ocean_menu_typo_line_height_tablet":0,"ocean_menu_typo_line_height_mobile":0,"ocean_menu_typo_line_height_unit":"","ocean_menu_typo_spacing":0,"ocean_menu_typo_spacing_tablet":0,"ocean_menu_typo_spacing_mobile":0,"ocean_menu_typo_spacing_unit":"","ocean_menu_link_color":"","ocean_menu_link_color_hover":"","ocean_menu_link_color_active":"","ocean_menu_link_background":"","ocean_menu_link_hover_background":"","ocean_menu_link_active_background":"","ocean_menu_social_links_bg":"","ocean_menu_social_hover_links_bg":"","ocean_menu_social_links_color":"","ocean_menu_social_hover_links_color":"","ocean_disable_title":"on","ocean_disable_heading":"default","ocean_post_title":"","ocean_post_subheading":"","ocean_post_title_style":"","ocean_post_title_background_color":"","ocean_post_title_background":0,"ocean_post_title_bg_image_position":"","ocean_post_title_bg_image_attachment":"","ocean_post_title_bg_image_repeat":"","ocean_post_title_bg_image_size":"","ocean_post_title_height":0,"ocean_post_title_bg_overlay":0.5,"ocean_post_title_bg_overlay_color":"","ocean_disable_breadcrumbs":"default","ocean_breadcrumbs_color":"#aa262a","ocean_breadcrumbs_separator_color":"","ocean_breadcrumbs_links_color":"","ocean_breadcrumbs_links_hover_color":"","ocean_display_footer_widgets":"default","ocean_display_footer_bottom":"default","ocean_custom_footer_template":"0","footnotes":""},"class_list":["post-5","page","type-page","status-publish","hentry","entry"],"_links":{"self":[{"href":"https:\/\/www.amse-conference.eu\/old\/2025\/wp-json\/wp\/v2\/pages\/5","targetHints":{"allow":["GET"]}}],"collection":[{"href":"https:\/\/www.amse-conference.eu\/old\/2025\/wp-json\/wp\/v2\/pages"}],"about":[{"href":"https:\/\/www.amse-conference.eu\/old\/2025\/wp-json\/wp\/v2\/types\/page"}],"author":[{"embeddable":true,"href":"https:\/\/www.amse-conference.eu\/old\/2025\/wp-json\/wp\/v2\/users\/10"}],"replies":[{"embeddable":true,"href":"https:\/\/www.amse-conference.eu\/old\/2025\/wp-json\/wp\/v2\/comments?post=5"}],"version-history":[{"count":242,"href":"https:\/\/www.amse-conference.eu\/old\/2025\/wp-json\/wp\/v2\/pages\/5\/revisions"}],"predecessor-version":[{"id":2236,"href":"https:\/\/www.amse-conference.eu\/old\/2025\/wp-json\/wp\/v2\/pages\/5\/revisions\/2236"}],"wp:attachment":[{"href":"https:\/\/www.amse-conference.eu\/old\/2025\/wp-json\/wp\/v2\/media?parent=5"}],"curies":[{"name":"wp","href":"https:\/\/api.w.org\/{rel}","templated":true}]}}